{"id":3240,"date":"2018-02-06T00:37:25","date_gmt":"2018-02-05T23:37:25","guid":{"rendered":"https:\/\/www.plitvice-etnogarden.com\/?page_id=3240"},"modified":"2024-01-19T15:06:23","modified_gmt":"2024-01-19T14:06:23","slug":"team-building","status":"publish","type":"page","link":"https:\/\/www.plitvice-etnogarden.com\/hr\/team-building\/","title":{"rendered":"Team Building"},"content":{"rendered":"<section class=\"l-section wpb_row height_small color_alternate with_img parallax_fixed\" id=\"aboutus\"><div class=\"l-section-img\" role=\"img\" aria-label=\"Image\" data-img-width=\"1920\" data-img-height=\"1080\" style=\"background-image: url(https:\/\/www.plitvice-etnogarden.com\/wp-content\/uploads\/2018\/02\/Etno-Garden-Plitvice-Lakes-Team-Building-bgr11.jpg);background-repeat: no-repeat;\"><\/div><div class=\"l-section-overlay\" style=\"background:rgba(10,10,10,0.6)\"><\/div><div class=\"l-section-h i-cf\"><div class=\"g-cols vc_row via_flex valign_top type_default stacking_default\"><div class=\"vc_col-sm-12 wpb_column vc_column_container has_bg_color\"><div class=\"vc_column-inner us_custom_89477bc8\"><div class=\"wpb_wrapper\"><div class=\"w-separator size_custom\" style=\"height:20px\"><\/div><div class=\"wpb_text_column\"><div class=\"wpb_wrapper\"><h2 style=\"text-align: center;\"><strong><span class=\"highlight highlight_primary\">TEAM <\/span><span class=\"highlight highlight_secondary\">BUILDING<\/span><\/strong><\/h2>\n<\/div><\/div><div class=\"g-cols wpb_row via_flex valign_top type_default stacking_default\"><div class=\"vc_col-sm-12 wpb_column vc_column_container\"><div class=\"vc_column-inner\"><div class=\"wpb_wrapper\"><div class=\"wpb_text_column\"><div class=\"wpb_wrapper\"><p style=\"text-align: center;\">Kombinirajte posao i u\u017eitaj na jednom od najljep\u0161ih mjesta na svijetu.<\/p>\n<p style=\"text-align: center;\">Kontaktirajte nas i mi \u0107emo za vas organizirati program prema va\u0161im potrebama, mogu\u0107nostima i prora\u010dunu.<\/p>\n<p style=\"text-align: center;\"><img loading=\"lazy\" decoding=\"async\" src=\"https:\/\/www.plitvice-etnogarden.com\/wp-content\/uploads\/2018\/02\/Etno-Garden-Plitvice-Lakes-Team-Building-ruke.jpg\" alt=\"Plitvice Lakes\" width=\"1000\" height=\"563\"><\/p>\n<p style=\"text-align: center;\"><span lang=\"HR\">Nudimo vam smje\u0161taj, izlete ovisno o va\u0161em avanturisti\u010dkom duhu, razne sportske aktivnosti, lunch box-ove, ku\u0161anje lokalnih proizvoda i kompletnu opremu za seminare i sastanke.<\/span><\/p>\n<p style=\"text-align: center;\"><img loading=\"lazy\" decoding=\"async\" class=\"wp-image-5630 size-full\" src=\"https:\/\/www.plitvice-etnogarden.com\/wp-content\/uploads\/2024\/01\/Etno-Garden-Plitvice-Lakes-Team-Building-1-2024.jpg\" alt=\"Etno-Garden-Plitvice-Lakes-Team-Building-1-2024\" width=\"1000\" height=\"600\" srcset=\"https:\/\/www.plitvice-etnogarden.com\/wp-content\/uploads\/2024\/01\/Etno-Garden-Plitvice-Lakes-Team-Building-1-2024.jpg 1000w, https:\/\/www.plitvice-etnogarden.com\/wp-content\/uploads\/2024\/01\/Etno-Garden-Plitvice-Lakes-Team-Building-1-2024-300x180.jpg 300w, https:\/\/www.plitvice-etnogarden.com\/wp-content\/uploads\/2024\/01\/Etno-Garden-Plitvice-Lakes-Team-Building-1-2024-500x300.jpg 500w, https:\/\/www.plitvice-etnogarden.com\/wp-content\/uploads\/2024\/01\/Etno-Garden-Plitvice-Lakes-Team-Building-1-2024-768x461.jpg 768w\" sizes=\"auto, (max-width: 1000px) 100vw, 1000px\" \/><\/p>\n<p style=\"text-align: center;\">Na\u0161e odmarali\u0161te ima 2 multifunkcionalne konferencijske sale koje mogu primiti do 55 osoba. Mo\u017eemo vam pru\u017eiti sve \u0161to vam treba za savr\u0161eni team building, poslovni sastanak ili za poslovni ru\u010dak.<\/p>\n<p style=\"text-align: center;\"><img loading=\"lazy\" decoding=\"async\" class=\"wp-image-5628 size-full aligncenter\" src=\"https:\/\/www.plitvice-etnogarden.com\/wp-content\/uploads\/2024\/01\/Etno-Garden-Plitvice-Lakes-Team-Building-2-2024.jpg\" alt=\"Etno-Garden-Plitvice-Lakes-Team-Building-2-2024\" width=\"1000\" height=\"600\" srcset=\"https:\/\/www.plitvice-etnogarden.com\/wp-content\/uploads\/2024\/01\/Etno-Garden-Plitvice-Lakes-Team-Building-2-2024.jpg 1000w, https:\/\/www.plitvice-etnogarden.com\/wp-content\/uploads\/2024\/01\/Etno-Garden-Plitvice-Lakes-Team-Building-2-2024-300x180.jpg 300w, https:\/\/www.plitvice-etnogarden.com\/wp-content\/uploads\/2024\/01\/Etno-Garden-Plitvice-Lakes-Team-Building-2-2024-500x300.jpg 500w, https:\/\/www.plitvice-etnogarden.com\/wp-content\/uploads\/2024\/01\/Etno-Garden-Plitvice-Lakes-Team-Building-2-2024-768x461.jpg 768w\" sizes=\"auto, (max-width: 1000px) 100vw, 1000px\" \/><\/p>\n<p style=\"text-align: center;\">\u017delimo vam ugodan boravak uz brojne aktivnosti, dru\u017eenje s kolegama, istra\u017eivanje ljepota krajolika i prekrasno iskustvo.<\/p>\n<p style=\"text-align: center;\"><span lang=\"HR\"><img loading=\"lazy\" decoding=\"async\" class=\"aligncenter size-full wp-image-2253\" src=\"https:\/\/www.plitvice-etnogarden.com\/wp-content\/uploads\/2018\/02\/Team-Building-Plitvice-Lakes-Etno-Garden.jpg\" alt=\"Plitvice Lakes\" width=\"1000\" height=\"563\" srcset=\"https:\/\/www.plitvice-etnogarden.com\/wp-content\/uploads\/2018\/02\/Team-Building-Plitvice-Lakes-Etno-Garden.jpg 1000w, https:\/\/www.plitvice-etnogarden.com\/wp-content\/uploads\/2018\/02\/Team-Building-Plitvice-Lakes-Etno-Garden-300x169.jpg 300w, https:\/\/www.plitvice-etnogarden.com\/wp-content\/uploads\/2018\/02\/Team-Building-Plitvice-Lakes-Etno-Garden-768x432.jpg 768w, https:\/\/www.plitvice-etnogarden.com\/wp-content\/uploads\/2018\/02\/Team-Building-Plitvice-Lakes-Etno-Garden-500x282.jpg 500w\" sizes=\"auto, (max-width: 1000px) 100vw, 1000px\"><\/span><\/p>\n<p style=\"text-align: center;\">Posao, opu\u0161tanje, sport, rekreacija, u\u010denje &#8230; I naravno puno smijeha i zabave u srcu Nacionalnog parka.<\/p>\n<\/div><\/div><\/div><\/div><\/div><\/div><\/div><\/div><\/div><\/div><\/div><\/section>\n","protected":false},"excerpt":{"rendered":"TEAM BUILDING Kombinirajte posao i u\u017eitaj na jednom od najljep\u0161ih mjesta na svijetu. Kontaktirajte nas i mi \u0107emo za vas organizirati program prema va\u0161im potrebama, mogu\u0107nostima i prora\u010dunu. Nudimo vam smje\u0161taj, izlete ovisno o va\u0161em avanturisti\u010dkom duhu, razne sportske aktivnosti, lunch box-ove, ku\u0161anje lokalnih proizvoda i kompletnu opremu za seminare i sastanke. Na\u0161e odmarali\u0161te ima...","protected":false},"author":4,"featured_media":3979,"parent":0,"menu_order":0,"comment_status":"closed","ping_status":"open","template":"","meta":{"footnotes":""},"class_list":["post-3240","page","type-page","status-publish","has-post-thumbnail","hentry"],"_links":{"self":[{"href":"https:\/\/www.plitvice-etnogarden.com\/hr\/wp-json\/wp\/v2\/pages\/3240","targetHints":{"allow":["GET"]}}],"collection":[{"href":"https:\/\/www.plitvice-etnogarden.com\/hr\/wp-json\/wp\/v2\/pages"}],"about":[{"href":"https:\/\/www.plitvice-etnogarden.com\/hr\/wp-json\/wp\/v2\/types\/page"}],"author":[{"embeddable":true,"href":"https:\/\/www.plitvice-etnogarden.com\/hr\/wp-json\/wp\/v2\/users\/4"}],"replies":[{"embeddable":true,"href":"https:\/\/www.plitvice-etnogarden.com\/hr\/wp-json\/wp\/v2\/comments?post=3240"}],"version-history":[{"count":3,"href":"https:\/\/www.plitvice-etnogarden.com\/hr\/wp-json\/wp\/v2\/pages\/3240\/revisions"}],"predecessor-version":[{"id":5634,"href":"https:\/\/www.plitvice-etnogarden.com\/hr\/wp-json\/wp\/v2\/pages\/3240\/revisions\/5634"}],"wp:featuredmedia":[{"embeddable":true,"href":"https:\/\/www.plitvice-etnogarden.com\/hr\/wp-json\/wp\/v2\/media\/3979"}],"wp:attachment":[{"href":"https:\/\/www.plitvice-etnogarden.com\/hr\/wp-json\/wp\/v2\/media?parent=3240"}],"curies":[{"name":"wp","href":"https:\/\/api.w.org\/{rel}","templated":true}]}}