{"id":3233,"date":"2018-02-05T20:05:21","date_gmt":"2018-02-05T19:05:21","guid":{"rendered":"https:\/\/www.plitvice-etnogarden.com\/?page_id=3233"},"modified":"2024-01-19T15:30:36","modified_gmt":"2024-01-19T14:30:36","slug":"gastro-hrana-i-vino","status":"publish","type":"page","link":"https:\/\/www.plitvice-etnogarden.com\/hr\/gastro-hrana-i-vino\/","title":{"rendered":"Gastro Hrana i Vino"},"content":{"rendered":"<section class=\"l-section wpb_row height_small color_alternate with_img parallax_fixed\" id=\"aboutus\"><div class=\"l-section-img\" role=\"img\" aria-label=\"Image\" data-img-width=\"1920\" data-img-height=\"1080\" style=\"background-image: url(https:\/\/www.plitvice-etnogarden.com\/wp-content\/uploads\/2018\/02\/GASTRONOMY-FOOD-AND-WINE.jpg);background-repeat: no-repeat;\"><\/div><div class=\"l-section-overlay\" style=\"background:rgba(0,0,0,0.6)\"><\/div><div class=\"l-section-h i-cf\"><div class=\"g-cols vc_row via_flex valign_top type_default stacking_default\"><div class=\"vc_col-sm-12 wpb_column vc_column_container has_bg_color\"><div class=\"vc_column-inner us_custom_89477bc8\"><div class=\"wpb_wrapper\"><div class=\"w-separator size_custom\" style=\"height:20px\"><\/div><div class=\"wpb_text_column us_custom_85889b62\"><div class=\"wpb_wrapper\"><h2 style=\"text-align: center;\"><strong><span class=\"highlight highlight_primary\">GASTRONOMIJA <\/span><span class=\"highlight highlight_secondary\">HRANA I VINO<\/span><\/strong><\/h2>\n<\/div><\/div><div class=\"g-cols wpb_row via_flex valign_top type_default stacking_default\"><div class=\"vc_col-sm-12 wpb_column vc_column_container\"><div class=\"vc_column-inner\"><div class=\"wpb_wrapper\"><div class=\"w-separator size_custom\" style=\"height:20px\"><\/div><div class=\"wpb_text_column\"><div class=\"wpb_wrapper\"><p style=\"text-align: center;\">U Etno Garden restoranu mo\u017eemo vam ponuditi doma\u0107a jela s Li\u010dkog podru\u010dja pripremljena na tradicionalni na\u010din.<\/p>\n<p style=\"text-align: center;\">Pridajemo puno pa\u017enje da sva na\u0161a jela budu pripremljena od svje\u017eih sastojaka, s puno pa\u017enje i ljubavi.<\/p>\n<p style=\"text-align: center;\"><img loading=\"lazy\" decoding=\"async\" class=\"wp-image-5637 size-full\" src=\"https:\/\/www.plitvice-etnogarden.com\/wp-content\/uploads\/2024\/01\/GASTRONOMY-FOOD-AND-WINE-Etno-Garden-Plitvice-Lakes-Croatia-2024-01.jpg\" alt=\"GASTRONOMY-FOOD-AND-WINE-Etno-Garden-Plitvice-Lakes-Croatia-2024-01\" width=\"1000\" height=\"750\" srcset=\"https:\/\/www.plitvice-etnogarden.com\/wp-content\/uploads\/2024\/01\/GASTRONOMY-FOOD-AND-WINE-Etno-Garden-Plitvice-Lakes-Croatia-2024-01.jpg 1000w, https:\/\/www.plitvice-etnogarden.com\/wp-content\/uploads\/2024\/01\/GASTRONOMY-FOOD-AND-WINE-Etno-Garden-Plitvice-Lakes-Croatia-2024-01-300x225.jpg 300w, https:\/\/www.plitvice-etnogarden.com\/wp-content\/uploads\/2024\/01\/GASTRONOMY-FOOD-AND-WINE-Etno-Garden-Plitvice-Lakes-Croatia-2024-01-500x375.jpg 500w, https:\/\/www.plitvice-etnogarden.com\/wp-content\/uploads\/2024\/01\/GASTRONOMY-FOOD-AND-WINE-Etno-Garden-Plitvice-Lakes-Croatia-2024-01-768x576.jpg 768w\" sizes=\"auto, (max-width: 1000px) 100vw, 1000px\" \/><\/p>\n<p style=\"text-align: center;\">Ugodan ambijent na\u0161ih restorana ili drvene ljetne terase savr\u0161eno je mjesto za dru\u017eenje s obitelji i prijateljima uz izvrsnu hranu i pi\u0107e te za poslovni ru\u010dak ili ve\u010deru.<\/p>\n<p style=\"text-align: center;\"><img loading=\"lazy\" decoding=\"async\" class=\"wp-image-5639 size-full\" src=\"https:\/\/www.plitvice-etnogarden.com\/wp-content\/uploads\/2024\/01\/GASTRONOMY-FOOD-AND-WINE-Etno-Garden-Plitvice-Lakes-Croatia-2024-02.jpg\" alt=\"GASTRONOMY-FOOD-AND-WINE-Etno-Garden-Plitvice-Lakes-Croatia-2024-02\" width=\"1000\" height=\"750\" srcset=\"https:\/\/www.plitvice-etnogarden.com\/wp-content\/uploads\/2024\/01\/GASTRONOMY-FOOD-AND-WINE-Etno-Garden-Plitvice-Lakes-Croatia-2024-02.jpg 1000w, https:\/\/www.plitvice-etnogarden.com\/wp-content\/uploads\/2024\/01\/GASTRONOMY-FOOD-AND-WINE-Etno-Garden-Plitvice-Lakes-Croatia-2024-02-300x225.jpg 300w, https:\/\/www.plitvice-etnogarden.com\/wp-content\/uploads\/2024\/01\/GASTRONOMY-FOOD-AND-WINE-Etno-Garden-Plitvice-Lakes-Croatia-2024-02-500x375.jpg 500w, https:\/\/www.plitvice-etnogarden.com\/wp-content\/uploads\/2024\/01\/GASTRONOMY-FOOD-AND-WINE-Etno-Garden-Plitvice-Lakes-Croatia-2024-02-768x576.jpg 768w\" sizes=\"auto, (max-width: 1000px) 100vw, 1000px\" \/><\/p>\n<p style=\"text-align: center;\">Zapo\u010dnite dan bogatim kontinentalnim doru\u010dkom, \u0161alicom vru\u0107e kave i toplim doma\u0107im krafnama. Nakon duge \u0161etnje parkom mo\u017eete se opustiti u na\u0161em lounge baru. Osvje\u017eite se \u010da\u0161om svje\u017ee limunade s doma\u0107im medom ili mo\u017eda popijte gutljaj doma\u0107eg likera.<\/p>\n<p style=\"text-align: center;\"><img loading=\"lazy\" decoding=\"async\" class=\"wp-image-5641 size-full\" src=\"https:\/\/www.plitvice-etnogarden.com\/wp-content\/uploads\/2024\/01\/GASTRONOMY-FOOD-AND-WINE-Etno-Garden-Plitvice-Lakes-Croatia-2024-03.jpg\" alt=\"GASTRONOMY-FOOD-AND-WINE-Etno-Garden-Plitvice-Lakes-Croatia-2024-03\" width=\"1000\" height=\"750\" srcset=\"https:\/\/www.plitvice-etnogarden.com\/wp-content\/uploads\/2024\/01\/GASTRONOMY-FOOD-AND-WINE-Etno-Garden-Plitvice-Lakes-Croatia-2024-03.jpg 1000w, https:\/\/www.plitvice-etnogarden.com\/wp-content\/uploads\/2024\/01\/GASTRONOMY-FOOD-AND-WINE-Etno-Garden-Plitvice-Lakes-Croatia-2024-03-300x225.jpg 300w, https:\/\/www.plitvice-etnogarden.com\/wp-content\/uploads\/2024\/01\/GASTRONOMY-FOOD-AND-WINE-Etno-Garden-Plitvice-Lakes-Croatia-2024-03-500x375.jpg 500w, https:\/\/www.plitvice-etnogarden.com\/wp-content\/uploads\/2024\/01\/GASTRONOMY-FOOD-AND-WINE-Etno-Garden-Plitvice-Lakes-Croatia-2024-03-768x576.jpg 768w\" sizes=\"auto, (max-width: 1000px) 100vw, 1000px\" \/><\/p>\n<p style=\"text-align: center;\">Mo\u017eete isprobati i razne vrste pr\u0161uta, \u0161unke i sira. Svi na\u0161i proiozvodi su napravljeni na tradicionalan na\u010din, prema recepturi na\u0161ih starih. Smatramo da je najbolji na\u010din da zavr\u0161ite svoj dan tako da isprobate najboljia lokalna jela s ovog planinskog podru\u010dja. A i ljubav prolazi kroz \u017eeludac, zar ne?<\/p>\n<p style=\"text-align: center;\"><img loading=\"lazy\" decoding=\"async\" class=\"wp-image-5643 size-full\" src=\"https:\/\/www.plitvice-etnogarden.com\/wp-content\/uploads\/2024\/01\/GASTRONOMY-FOOD-AND-WINE-Etno-Garden-Plitvice-Lakes-Croatia-2024-04.jpg\" alt=\"GASTRONOMY-FOOD-AND-WINE-Etno-Garden-Plitvice-Lakes-Croatia-2024-04\" width=\"1000\" height=\"750\" srcset=\"https:\/\/www.plitvice-etnogarden.com\/wp-content\/uploads\/2024\/01\/GASTRONOMY-FOOD-AND-WINE-Etno-Garden-Plitvice-Lakes-Croatia-2024-04.jpg 1000w, https:\/\/www.plitvice-etnogarden.com\/wp-content\/uploads\/2024\/01\/GASTRONOMY-FOOD-AND-WINE-Etno-Garden-Plitvice-Lakes-Croatia-2024-04-300x225.jpg 300w, https:\/\/www.plitvice-etnogarden.com\/wp-content\/uploads\/2024\/01\/GASTRONOMY-FOOD-AND-WINE-Etno-Garden-Plitvice-Lakes-Croatia-2024-04-500x375.jpg 500w, https:\/\/www.plitvice-etnogarden.com\/wp-content\/uploads\/2024\/01\/GASTRONOMY-FOOD-AND-WINE-Etno-Garden-Plitvice-Lakes-Croatia-2024-04-768x576.jpg 768w\" sizes=\"auto, (max-width: 1000px) 100vw, 1000px\" \/><\/p>\n<p style=\"text-align: center;\">U\u017eivajte u slasnim zalogajima uz \u010da\u0161u nekog od najboljih vina iz na\u0161eg vinskog podruma. Ako ste ljubitelj vina, mo\u017eete i zaviriti u na\u0161 vinski podrum. Nudimo vam \u0161irok izbor poznatih hrvatskih vina, kao i doma\u0107ih. Na\u0161 vinski podrum mjesto je na kojem svatko mo\u017ee prona\u0107i ne\u0161to po svom ukusu, a mnoga vina koja nudimo prepoznata su od poznatih enologa.<\/p>\n<p style=\"text-align: center;\"><img loading=\"lazy\" decoding=\"async\" class=\"aligncenter size-full wp-image-3636\" src=\"https:\/\/www.plitvice-etnogarden.com\/wp-content\/uploads\/2020\/03\/Restaurant-Gourmet-Etno-Garden-Plitvice-Lakes-Croatia-2020-012.jpg\" alt=\"Plitvice Lakes\" width=\"1000\" height=\"750\" srcset=\"https:\/\/www.plitvice-etnogarden.com\/wp-content\/uploads\/2020\/03\/Restaurant-Gourmet-Etno-Garden-Plitvice-Lakes-Croatia-2020-012.jpg 1000w, https:\/\/www.plitvice-etnogarden.com\/wp-content\/uploads\/2020\/03\/Restaurant-Gourmet-Etno-Garden-Plitvice-Lakes-Croatia-2020-012-300x225.jpg 300w, https:\/\/www.plitvice-etnogarden.com\/wp-content\/uploads\/2020\/03\/Restaurant-Gourmet-Etno-Garden-Plitvice-Lakes-Croatia-2020-012-500x375.jpg 500w, https:\/\/www.plitvice-etnogarden.com\/wp-content\/uploads\/2020\/03\/Restaurant-Gourmet-Etno-Garden-Plitvice-Lakes-Croatia-2020-012-768x576.jpg 768w\" sizes=\"auto, (max-width: 1000px) 100vw, 1000px\"><\/p>\n<p style=\"text-align: center;\">U na\u0161oj ponudi imamo i lokalne likere i rakije. Likeri se pripremaju sa svje\u017eim vo\u0107em i orasima. \u010cak i najzahtjevnija nepca mogu prona\u0107i pravi okus za sebe.<\/p>\n<p style=\"text-align: center;\"><img loading=\"lazy\" decoding=\"async\" class=\"wp-image-5645 size-full\" src=\"https:\/\/www.plitvice-etnogarden.com\/wp-content\/uploads\/2024\/01\/GASTRONOMY-FOOD-AND-WINE-Etno-Garden-Plitvice-Lakes-Croatia-2024-06.jpg\" alt=\"GASTRONOMY-FOOD-AND-WINE-Etno-Garden-Plitvice-Lakes-Croatia-2024-06\" width=\"1000\" height=\"750\" srcset=\"https:\/\/www.plitvice-etnogarden.com\/wp-content\/uploads\/2024\/01\/GASTRONOMY-FOOD-AND-WINE-Etno-Garden-Plitvice-Lakes-Croatia-2024-06.jpg 1000w, https:\/\/www.plitvice-etnogarden.com\/wp-content\/uploads\/2024\/01\/GASTRONOMY-FOOD-AND-WINE-Etno-Garden-Plitvice-Lakes-Croatia-2024-06-300x225.jpg 300w, https:\/\/www.plitvice-etnogarden.com\/wp-content\/uploads\/2024\/01\/GASTRONOMY-FOOD-AND-WINE-Etno-Garden-Plitvice-Lakes-Croatia-2024-06-500x375.jpg 500w, https:\/\/www.plitvice-etnogarden.com\/wp-content\/uploads\/2024\/01\/GASTRONOMY-FOOD-AND-WINE-Etno-Garden-Plitvice-Lakes-Croatia-2024-06-768x576.jpg 768w\" sizes=\"auto, (max-width: 1000px) 100vw, 1000px\" \/><\/p>\n<p style=\"text-align: center;\">Tradicionalno, zbog dugih zima i vrlo niskih temperatura ovo je podru\u010dje poznato po rakiji, te vam toplo preporu\u010dujemo da isprobate barem nekoliko.<\/p>\n<p style=\"text-align: center;\"><img loading=\"lazy\" decoding=\"async\" class=\"aligncenter size-full wp-image-3610\" src=\"https:\/\/www.plitvice-etnogarden.com\/wp-content\/uploads\/2020\/03\/Restaurant-Gourmet-Etno-Garden-Plitvice-Lakes-Croatia-2020-028.jpg\" alt=\"Plitvice Lakes\" width=\"1000\" height=\"750\" srcset=\"https:\/\/www.plitvice-etnogarden.com\/wp-content\/uploads\/2020\/03\/Restaurant-Gourmet-Etno-Garden-Plitvice-Lakes-Croatia-2020-028.jpg 1000w, https:\/\/www.plitvice-etnogarden.com\/wp-content\/uploads\/2020\/03\/Restaurant-Gourmet-Etno-Garden-Plitvice-Lakes-Croatia-2020-028-300x225.jpg 300w, https:\/\/www.plitvice-etnogarden.com\/wp-content\/uploads\/2020\/03\/Restaurant-Gourmet-Etno-Garden-Plitvice-Lakes-Croatia-2020-028-500x375.jpg 500w, https:\/\/www.plitvice-etnogarden.com\/wp-content\/uploads\/2020\/03\/Restaurant-Gourmet-Etno-Garden-Plitvice-Lakes-Croatia-2020-028-768x576.jpg 768w\" sizes=\"auto, (max-width: 1000px) 100vw, 1000px\"><\/p>\n<p style=\"text-align: center;\">Za one sa slatkim zubom, na\u0161a kuhinja svakodnevno priprema ukusne deserte za vas \ud83d\ude42<\/p>\n<\/div><\/div><\/div><\/div><\/div><\/div><\/div><\/div><\/div><\/div><\/div><\/section>\n","protected":false},"excerpt":{"rendered":"GASTRONOMIJA HRANA I VINO U Etno Garden restoranu mo\u017eemo vam ponuditi doma\u0107a jela s Li\u010dkog podru\u010dja pripremljena na tradicionalni na\u010din. Pridajemo puno pa\u017enje da sva na\u0161a jela budu pripremljena od svje\u017eih sastojaka, s puno pa\u017enje i ljubavi. Ugodan ambijent na\u0161ih restorana ili drvene ljetne terase savr\u0161eno je mjesto za dru\u017eenje s obitelji i prijateljima uz...","protected":false},"author":4,"featured_media":3657,"parent":0,"menu_order":0,"comment_status":"closed","ping_status":"closed","template":"","meta":{"footnotes":""},"class_list":["post-3233","page","type-page","status-publish","has-post-thumbnail","hentry"],"_links":{"self":[{"href":"https:\/\/www.plitvice-etnogarden.com\/hr\/wp-json\/wp\/v2\/pages\/3233","targetHints":{"allow":["GET"]}}],"collection":[{"href":"https:\/\/www.plitvice-etnogarden.com\/hr\/wp-json\/wp\/v2\/pages"}],"about":[{"href":"https:\/\/www.plitvice-etnogarden.com\/hr\/wp-json\/wp\/v2\/types\/page"}],"author":[{"embeddable":true,"href":"https:\/\/www.plitvice-etnogarden.com\/hr\/wp-json\/wp\/v2\/users\/4"}],"replies":[{"embeddable":true,"href":"https:\/\/www.plitvice-etnogarden.com\/hr\/wp-json\/wp\/v2\/comments?post=3233"}],"version-history":[{"count":2,"href":"https:\/\/www.plitvice-etnogarden.com\/hr\/wp-json\/wp\/v2\/pages\/3233\/revisions"}],"predecessor-version":[{"id":5650,"href":"https:\/\/www.plitvice-etnogarden.com\/hr\/wp-json\/wp\/v2\/pages\/3233\/revisions\/5650"}],"wp:featuredmedia":[{"embeddable":true,"href":"https:\/\/www.plitvice-etnogarden.com\/hr\/wp-json\/wp\/v2\/media\/3657"}],"wp:attachment":[{"href":"https:\/\/www.plitvice-etnogarden.com\/hr\/wp-json\/wp\/v2\/media?parent=3233"}],"curies":[{"name":"wp","href":"https:\/\/api.w.org\/{rel}","templated":true}]}}