{"id":3228,"date":"2017-09-23T23:08:58","date_gmt":"2017-09-23T21:08:58","guid":{"rendered":"https:\/\/www.plitvice-etnogarden.com\/?page_id=3228"},"modified":"2021-02-03T22:15:18","modified_gmt":"2021-02-03T21:15:18","slug":"kako-do-nas","status":"publish","type":"page","link":"https:\/\/www.plitvice-etnogarden.com\/hr\/kako-do-nas\/","title":{"rendered":"Kako do nas"},"content":{"rendered":"<section class=\"l-section wpb_row vc_hidden-xs display: none !important height_auto width_full color_secondary parallax_fixed\" id=\"desktopprikaz\"><div class=\"l-section-overlay\" style=\"background:rgba(10,10,10,0.5)\"><\/div><div class=\"l-section-h i-cf\"><div class=\"g-cols vc_row via_flex valign_top type_default stacking_default\"><div class=\"vc_col-sm-12 wpb_column vc_column_container us_animate_afb\"><div class=\"vc_column-inner\"><div class=\"wpb_wrapper\"><div class=\"w-map provider_google us_custom_ae91f21c\" id=\"us_map_1\"><div class=\"w-map-inner\"><div class=\"w-map-json\" onclick='return {&quot;address&quot;:&quot;44.897279 15.603643&quot;,&quot;disableDragging&quot;:1,&quot;disableZoom&quot;:1,&quot;hideControls&quot;:1,&quot;zoom&quot;:16,&quot;markers&quot;:[{&quot;address&quot;:&quot;44.897279 15.603643&quot;,&quot;html&quot;:&quot;&lt;form action=\\&quot;https:\\\/\\\/maps.google.com\\\/maps\\&quot; method=\\&quot;get\\&quot; target=\\&quot;_blank\\&quot;&gt;\\n   &lt;label for=\\&quot;saddr\\&quot;&gt;Upi\\u0161ite svoju lokaciju&lt;\\\/label&gt;\\n   &lt;input type=\\&quot;text\\&quot; name=\\&quot;saddr\\&quot; \\\/&gt;\\n   &lt;input type=\\&quot;hidden\\&quot; name=\\&quot;daddr\\&quot; value=\\&quot;Plitvica selo 62, 53231, Plitvi\\u010dka jezera\\&quot; \\\/&gt;\\n   &lt;input type=\\&quot;submit\\&quot; value=\\&quot;Prika\\u017ei upute\\&quot; \\\/&gt;\\n&lt;\\\/form&gt;&quot;,&quot;infowindow&quot;:&quot;1&quot;}],&quot;icon&quot;:{&quot;url&quot;:&quot;https:\\\/\\\/www.plitvice-etnogarden.com\\\/wp-content\\\/uploads\\\/2017\\\/09\\\/Map-Etno-Garden-Plitvice.png&quot;,&quot;size&quot;:[80,80]},&quot;maptype&quot;:&quot;ROADMAP&quot;}'><\/div><\/div><\/div><\/div><\/div><\/div><\/div><\/div><\/section><section class=\"l-section wpb_row vc_hidden-lg display: none !important height_auto width_full color_secondary parallax_fixed\" id=\"mobilniprikaz\"><div class=\"l-section-overlay\" style=\"background:rgba(10,10,10,0.5)\"><\/div><div class=\"l-section-h i-cf\"><div class=\"g-cols vc_row via_flex valign_top type_default stacking_default\"><div class=\"vc_col-sm-12 wpb_column vc_column_container us_animate_afb\"><div class=\"vc_column-inner us_custom_72fc42ef\"><div class=\"wpb_wrapper\"><div class=\"w-map provider_google\" id=\"us_map_2\"><div class=\"w-map-inner\"><div class=\"w-map-json\" onclick='return {&quot;address&quot;:&quot;44.897279 15.603643&quot;,&quot;disableDragging&quot;:1,&quot;disableZoom&quot;:1,&quot;hideControls&quot;:1,&quot;zoom&quot;:16,&quot;markers&quot;:[{&quot;address&quot;:&quot;44.897279 15.603643&quot;,&quot;html&quot;:&quot;&lt;form action=\\&quot;https:\\\/\\\/maps.google.com\\\/maps\\&quot; method=\\&quot;get\\&quot; target=\\&quot;_blank\\&quot;&gt;\\n   &lt;label for=\\&quot;saddr\\&quot;&gt;Upi\\u0161ite svoju lokaciju&lt;\\\/label&gt;\\n   &lt;input type=\\&quot;text\\&quot; name=\\&quot;saddr\\&quot; \\\/&gt;\\n   &lt;input type=\\&quot;hidden\\&quot; name=\\&quot;daddr\\&quot; value=\\&quot;Plitvica selo 62, 53231, Plitvi\\u010dka jezera\\&quot; \\\/&gt;\\n   &lt;input type=\\&quot;submit\\&quot; value=\\&quot;Prika\\u017ei upute\\&quot; \\\/&gt;\\n&lt;\\\/form&gt;&quot;,&quot;infowindow&quot;:&quot;1&quot;}],&quot;icon&quot;:{&quot;url&quot;:&quot;https:\\\/\\\/www.plitvice-etnogarden.com\\\/wp-content\\\/uploads\\\/2017\\\/09\\\/Map-Etno-Garden-Plitvice.png&quot;,&quot;size&quot;:[80,80]},&quot;maptype&quot;:&quot;ROADMAP&quot;}'><\/div><\/div><\/div><\/div><\/div><\/div><\/div><\/div><\/section><section class=\"l-section wpb_row height_small color_alternate with_img parallax_fixed\" id=\"aboutus\"><div class=\"l-section-img\" role=\"img\" aria-label=\"Image\" data-img-width=\"1920\" data-img-height=\"1080\" style=\"background-image: url(https:\/\/www.plitvice-etnogarden.com\/wp-content\/uploads\/2015\/04\/about-us-bcg.jpg);background-repeat: no-repeat;\"><\/div><div class=\"l-section-overlay\" style=\"background:rgba(0,0,0,0.6)\"><\/div><div class=\"l-section-h i-cf\"><div class=\"g-cols vc_row via_flex valign_top type_default stacking_default\"><div class=\"vc_col-sm-12 wpb_column vc_column_container has_bg_color\"><div class=\"vc_column-inner us_custom_89477bc8\"><div class=\"wpb_wrapper\"><div class=\"g-cols wpb_row via_flex valign_top type_default stacking_default\"><div class=\"vc_col-sm-12 wpb_column vc_column_container\"><div class=\"vc_column-inner us_custom_7333911a\"><div class=\"wpb_wrapper\"><div class=\"w-separator size_custom\" style=\"height:20px\"><\/div><div class=\"wpb_text_column\"><div class=\"wpb_wrapper\"><h2 style=\"text-align: center;\"><strong><span class=\"highlight highlight_primary\">KAKO\u00a0<\/span><\/strong><strong><span class=\"highlight highlight_secondary\">DO <\/span>NAS<\/strong><\/h2>\n<\/div><\/div><div class=\"w-separator size_custom\" style=\"height:20px\"><\/div><div class=\"wpb_text_column\"><div class=\"wpb_wrapper\"><h2 style=\"font-weight: 300; text-align: center;\"><strong>Ukoliko dolazite iz pravca ZAGREBA<\/strong><\/h2>\n<p style=\"text-align: center;\">-KARLOVAC- SLUNJ-RASTOKE<\/p>\n<p style=\"text-align: center;\">Novo selo, Bro\u0107anac, Rakovica, Sedra, Grabovac, \u010catrnja, Seli\u0161te Dre\u017eni\u010dko<\/p>\n<p style=\"text-align: center;\">Od ulaska u Seli\u0161te Dre\u017eni\u010dko 1,7 km (prije Koranskog mosta) skrenite desno prema Saborsko,Pla\u0161ki.<\/p>\n<p style=\"text-align: center;\">Vozite ravno\u00a0 \u2013 2,8 km do sela Poljanak (lijevo ostaje selo Korana)<\/p>\n<p style=\"text-align: center;\">U Poljanku skrenuti lijevo prema Plitvica selu kroz \u0161umu<\/p>\n<p style=\"text-align: center;\">Nakon 2,5 km na raskri\u017eju skrenite lijevo preko mosti\u0107a prema Plitvica selu,<\/p>\n<p style=\"text-align: center;\">Vozite ravno 0,8 km pa skrenite desno (sa lijeve strane se nalazi rampa)<\/p>\n<p style=\"text-align: center;\">Nakon 100 m raskri\u017eje \u2013 skrenite lijevo,\u00a0 nakon 300m raskri\u017eje \u2013 nastavite ravno<\/p>\n<p style=\"text-align: center;\"><strong>ISPRED VAS JE\u00a0 <\/strong><strong>ETNO GARDEN PLITVICE LAKE<\/strong><\/p>\n<p>&nbsp;<\/p>\n<h2 style=\"font-weight: 300; text-align: center;\"><strong>Ukoliko dolazite iz pravca <\/strong><strong> RIJEKE<\/strong><\/h2>\n<p style=\"text-align: center;\">&#8211; SENJ, OTO\u010cAC, VRHOVINE, BORJE<\/p>\n<p style=\"text-align: center;\">-na raskri\u017eju skrenite\u00a0 LIJEVO<\/p>\n<p style=\"text-align: center;\">Nastavite ravno &#8211; Borje, Kapela Koreni\u010dka, Prijeboj, Jezerce, Plitvi\u010dka jezera, Rastova\u010da, Korana ,Most preko Korane, Seli\u0161te Dre\u017eni\u010dko<\/p>\n<p style=\"text-align: center;\">Na oko 0,6 km od table Seli\u0161te Dre\u017eni\u010dko (iza Koranskog mosta) skrenite o\u0161tro lijevo Saborsko, Pla\u0161ki<\/p>\n<p style=\"text-align: center;\">(Ukupno od Borja do skretanja 22 km)<\/p>\n<p style=\"text-align: center;\">Vozite ravno\u00a0 \u2013 2,8 km do sela Poljanak (lijevo ostaje selo Korana)<\/p>\n<p style=\"text-align: center;\">U Poljanku skrenuti lijevo prema Plitvica selu kroz \u0161umu<\/p>\n<p style=\"text-align: center;\">Nakon 2,5 km na raskri\u017eju skrenite lijevo preko mosti\u0107a prema Plitvica selu,<\/p>\n<p style=\"text-align: center;\">Vozite ravno 0,8 km pa skrenite desno (sa lijeve strane se nalazi rampa)<\/p>\n<p style=\"text-align: center;\">Nakon 100 m raskri\u017eje \u2013 skrenite lijevo,\u00a0 nakon 300m raskri\u017eje \u2013 nastavite ravno<\/p>\n<p style=\"text-align: center;\"><strong>ISPRED VAS JE\u00a0 <\/strong><strong>ETNO GARDEN PLITVICE LAKE<\/strong><\/p>\n<p>&nbsp;<\/p>\n<h2 style=\"font-weight: 300; text-align: center;\"><strong>Ukoliko dolazite iz pravca <\/strong><strong>SPLITA ili DUBROVNIKA<\/strong><\/h2>\n<p style=\"text-align: center;\">-SPLIT, ZADAR<\/p>\n<p style=\"text-align: center;\">-ukoliko idete autocestom iza\u0111ite na izlazu Udbina<\/p>\n<p style=\"text-align: center;\">Pro\u0111ite Korenicu, Prijeboj, Jezerce, Plitvi\u010dka jezera, Rastova\u010du, Koranu, Koranski most (most plave boje)<\/p>\n<p style=\"text-align: center;\">Na oko 0,6 km od table Seli\u0161te Dre\u017eni\u010dko (iza Koranskog mosta) skrenite o\u0161tro lijevo Saborsko, Pla\u0161ki<\/p>\n<p style=\"text-align: center;\">(Ukupno od Borja do skretanja 22 km)<\/p>\n<p style=\"text-align: center;\">Vozite ravno\u00a0 \u2013 2,8 km do sela Poljanak (lijevo ostaje selo Korana)<\/p>\n<p style=\"text-align: center;\">U Poljanku skrenuti lijevo prema Plitvica selu kroz \u0161umu<\/p>\n<p style=\"text-align: center;\">Nakon 2,5 km na raskri\u017eju skrenite lijevo preko mosti\u0107a prema Plitvica selu,<\/p>\n<p style=\"text-align: center;\">Vozite ravno 0,8 km pa skrenite desno (sa lijeve strane se nalazi rampa)<\/p>\n<p style=\"text-align: center;\">Nakon 100 m raskri\u017eje \u2013 skrenite lijevo,\u00a0 nakon 300m raskri\u017eje \u2013 nastavite ravno<\/p>\n<p style=\"text-align: center;\"><strong>ISPRED VAS JE\u00a0 <\/strong><strong>ETNO GARDEN PLITVICE LAKE<\/strong><\/p>\n<\/div><\/div><\/div><\/div><\/div><\/div><\/div><\/div><\/div><\/div><\/div><\/section>\n","protected":false},"excerpt":{"rendered":"KAKO\u00a0DO NAS Ukoliko dolazite iz pravca ZAGREBA -KARLOVAC- SLUNJ-RASTOKE Novo selo, Bro\u0107anac, Rakovica, Sedra, Grabovac, \u010catrnja, Seli\u0161te Dre\u017eni\u010dko Od ulaska u Seli\u0161te Dre\u017eni\u010dko 1,7 km (prije Koranskog mosta) skrenite desno prema Saborsko,Pla\u0161ki. Vozite ravno\u00a0 \u2013 2,8 km do sela Poljanak (lijevo ostaje selo Korana) U Poljanku skrenuti lijevo prema Plitvica selu kroz \u0161umu Nakon 2,5...","protected":false},"author":4,"featured_media":2854,"parent":0,"menu_order":0,"comment_status":"closed","ping_status":"closed","template":"","meta":{"footnotes":""},"class_list":["post-3228","page","type-page","status-publish","has-post-thumbnail","hentry"],"_links":{"self":[{"href":"https:\/\/www.plitvice-etnogarden.com\/hr\/wp-json\/wp\/v2\/pages\/3228","targetHints":{"allow":["GET"]}}],"collection":[{"href":"https:\/\/www.plitvice-etnogarden.com\/hr\/wp-json\/wp\/v2\/pages"}],"about":[{"href":"https:\/\/www.plitvice-etnogarden.com\/hr\/wp-json\/wp\/v2\/types\/page"}],"author":[{"embeddable":true,"href":"https:\/\/www.plitvice-etnogarden.com\/hr\/wp-json\/wp\/v2\/users\/4"}],"replies":[{"embeddable":true,"href":"https:\/\/www.plitvice-etnogarden.com\/hr\/wp-json\/wp\/v2\/comments?post=3228"}],"version-history":[{"count":0,"href":"https:\/\/www.plitvice-etnogarden.com\/hr\/wp-json\/wp\/v2\/pages\/3228\/revisions"}],"wp:featuredmedia":[{"embeddable":true,"href":"https:\/\/www.plitvice-etnogarden.com\/hr\/wp-json\/wp\/v2\/media\/2854"}],"wp:attachment":[{"href":"https:\/\/www.plitvice-etnogarden.com\/hr\/wp-json\/wp\/v2\/media?parent=3228"}],"curies":[{"name":"wp","href":"https:\/\/api.w.org\/{rel}","templated":true}]}}