{"id":3219,"date":"2017-09-23T11:22:59","date_gmt":"2017-09-23T09:22:59","guid":{"rendered":"https:\/\/www.plitvice-etnogarden.com\/?page_id=3219"},"modified":"2021-07-09T17:35:18","modified_gmt":"2021-07-09T15:35:18","slug":"o-nama","status":"publish","type":"page","link":"https:\/\/www.plitvice-etnogarden.com\/hr\/o-nama\/","title":{"rendered":"O NAMA"},"content":{"rendered":"<section class=\"l-section wpb_row height_small color_alternate with_img parallax_fixed\" id=\"aboutus\"><div class=\"l-section-img\" role=\"img\" aria-label=\"Image\" data-img-width=\"1920\" data-img-height=\"1080\" style=\"background-image: url(https:\/\/www.plitvice-etnogarden.com\/wp-content\/uploads\/2015\/04\/about-us-bcg.jpg);background-repeat: no-repeat;\"><\/div><div class=\"l-section-overlay\" style=\"background:rgba(0,0,0,0.6)\"><\/div><div class=\"l-section-h i-cf\"><div class=\"g-cols vc_row via_flex valign_top type_default stacking_default\"><div class=\"vc_col-sm-12 wpb_column vc_column_container has_bg_color\"><div class=\"vc_column-inner us_custom_89477bc8\"><div class=\"wpb_wrapper\"><div class=\"g-cols wpb_row via_flex valign_top type_default stacking_default\"><div class=\"vc_col-sm-6 wpb_column vc_column_container\"><div class=\"vc_column-inner us_custom_7333911a\"><div class=\"wpb_wrapper\"><div class=\"w-separator size_custom\" style=\"height:20px\"><\/div><div class=\"wpb_text_column\"><div class=\"wpb_wrapper\"><h2 style=\"text-align: center;\"><strong><span class=\"highlight highlight_primary\">PRI\u010cA <\/span><\/strong><strong><span class=\"highlight highlight_secondary\">O<\/span>\u00a0NAMA<\/strong><\/h2>\n<\/div><\/div><div class=\"w-separator size_custom\" style=\"height:20px\"><\/div><div class=\"wpb_text_column\"><div class=\"wpb_wrapper\"><p>Ovo je pri\u010da o nama, o mjestu sakrivenom od radoznalih o\u010diju. Obavijeno plesom toplog vjetra i cvrkutavim \u0161aputanjem no\u0107nih leptira ono izmamljuje osmjehe od svih ljudi koji ga posjete. Mjesto gdje se svaki \u0161um \u010dini \u017eivim. Mjesto gdje svaka tajna ostaje \u010duvana stolje\u0107ima. Provesti \u0107emo Vas kroz jedno od najljep\u0161ih mjesta na svijetu i garantiramo Vam da \u0107ete se osje\u0107ati kao nikada do sad. Samo pripazite, mogli biste se zaljubiti u ovo mjesto ve\u0107 na prvi pogled.<\/p>\n<p>Etno Garden Plitvice Lakes je jedinstveni resort smje\u0161ten u srcu <a href=\"https:\/\/hr.wikipedia.org\/wiki\/Nacionalni_park_Plitvi%C4%8Dka_jezera\" target=\"_blank\" rel=\"noopener nofollow\" data-schema-attribute=\"\">Nacionalnog parka Plitvi\u010dka jezera<\/a>, u malenom selu zvanom Plitvica selo, udaljenom svega 400 metara od najve\u0107eg jezera Kozjak. Etno Garden resort je oaza mira koja nudi savr\u0161eni spoj u\u017eivanja, odmora i zabave. Resort je mjesto s dugom tradicijom. Mi \u017eivimo i radimo u skladu s prirodom i starim hrvatskim obi\u010dajima.<\/p>\n<p><a href=\"https:\/\/www.plitvice-etnogarden.com\/hr\/plitvicka-jezera-sva-godisnja-doba\/\" data-schema-attribute=\"\">Sva godi\u0161nje doba<\/a> na Plitvicama donosi ne\u0161to izuzetno i druga\u010dije. Recimo oni koji se odlu\u010de posjetiti Plitvice tokom jeseni imati \u0107e osje\u0107aj kao da gledaju u pejza\u017ee baroknih slikara, prepune purpurnih tonova i zeleno-sme\u0111eg li\u0161\u0107a koje se igra na vjetru. Neovisno o godi\u0161njem dobu, na\u0161 vrt je pravo mjesto za igru, slu\u010dajna dru\u017eenja ili prepri\u010davanje starih sje\u0107anja. Omogu\u0107ite\u00a0 svojim mali\u0161anima da provedu vikend daleko od gradske buke i u\u017eurbanosti. Postoji li i\u0161ta sla\u0111e od zrele crvene jabuke koju samo treba ubrati sa stabla? Tako\u0111er, ukoliko \u017eelite, mo\u017eete i provjeriti kako se radi doma\u0107i pekmez i d\u017eem po tradicionalnoj recepturi. Dopustite nam da vas upoznamo s mjestom gdje je priroda netaknuta i sa\u010duvana, koje se ve\u0107 desetlje\u0107ima odupire modernizaciji koju name\u0107e suvremen svijet, mjestom \u010diju ljepotu rije\u010di ne mogu objasniti.<\/p>\n<\/div><\/div><\/div><\/div><\/div><div class=\"vc_col-sm-6 wpb_column vc_column_container\"><div class=\"vc_column-inner us_custom_361b4bae\"><div class=\"wpb_wrapper\"><div class=\"wpb_text_column us_custom_ffbf0b96\"><div class=\"wpb_wrapper\"><p><img loading=\"lazy\" decoding=\"async\" class=\"aligncenter wp-image-4996 size-full\" src=\"https:\/\/www.plitvice-etnogarden.com\/wp-content\/uploads\/2021\/03\/Plitvice-Lakes-Etno-Garden-Logo-black-150-2021-Cro.png\" alt=\"O nama Plitvi\u010dka Jezera Etno Garden Logo Crni\" width=\"150\" height=\"91\" \/><\/p>\n<p style=\"text-align: center;\">Bilo bi nam zadovoljstvo da posjetite na\u0161 resort, bilo da se radi o romanti\u010dnom vikendu, obiteljskom putovanju, avanturi ili pak poslovnom eventu. Nudimo Vam mogu\u0107nost organiziranog smje\u0161taja za grupe ili organizacije doga\u0111anja kao \u0161to su seminari, proslave, team building i poslovni sastanci.<\/p>\n<p style=\"text-align: center;\">Ukoliko posjetite Etno Garden biti \u0107ete u mogu\u0107nosti vidjeti, osjetiti i iskusiti sve \u0161to ova prekrasna regija ima za ponuditi. Ukoliko ne budete imali dovoljno vremena da posjetite sva fascinantna mjesta koja se nalaze na rubnim dijelovima grimizno zelenih jezera i stoljetnih \u0161uma, to \u0107e Vam biti samo pozivnica da se vratite ponovno.<\/p>\n<p style=\"text-align: right;\">\u00a0 \u00a0 \u00a0 \u00a0 \u00a0 \u00a0 \u00a0 \u00a0 \u00a0 \u00a0 \u00a0 \u00a0 \u00a0 \u00a0 \u00a0 \u00a0 \u00a0 \u00a0 \u00a0 \u00a0 \u00a0 \u00a0 \u00a0 \u00a0 \u00a0 \u00a0 \u00a0 \u00a0 \u00a0 \u00a0 \u00a0 \u00a0 \u00a0 \u00a0 \u00a0 \u00a0 \u00a0 \u00a0 \u00a0 \u00a0 \u00a0 \u00a0 \u00a0 \u00a0 \u00a0 \u00a0 \u00a0s ljubavlju,<\/p>\n<p style=\"text-align: right;\"><strong>Etno Garden Plitvice<\/strong><\/p>\n<\/div><\/div><\/div><\/div><\/div><\/div><\/div><\/div><\/div><\/div><\/div><\/section>\n","protected":false},"excerpt":{"rendered":"PRI\u010cA O\u00a0NAMA Ovo je pri\u010da o nama, o mjestu sakrivenom od radoznalih o\u010diju. Obavijeno plesom toplog vjetra i cvrkutavim \u0161aputanjem no\u0107nih leptira ono izmamljuje osmjehe od svih ljudi koji ga posjete. Mjesto gdje se svaki \u0161um \u010dini \u017eivim. Mjesto gdje svaka tajna ostaje \u010duvana stolje\u0107ima. Provesti \u0107emo Vas kroz jedno od najljep\u0161ih mjesta na svijetu...","protected":false},"author":4,"featured_media":0,"parent":0,"menu_order":0,"comment_status":"closed","ping_status":"open","template":"","meta":{"footnotes":""},"class_list":["post-3219","page","type-page","status-publish","hentry"],"_links":{"self":[{"href":"https:\/\/www.plitvice-etnogarden.com\/hr\/wp-json\/wp\/v2\/pages\/3219","targetHints":{"allow":["GET"]}}],"collection":[{"href":"https:\/\/www.plitvice-etnogarden.com\/hr\/wp-json\/wp\/v2\/pages"}],"about":[{"href":"https:\/\/www.plitvice-etnogarden.com\/hr\/wp-json\/wp\/v2\/types\/page"}],"author":[{"embeddable":true,"href":"https:\/\/www.plitvice-etnogarden.com\/hr\/wp-json\/wp\/v2\/users\/4"}],"replies":[{"embeddable":true,"href":"https:\/\/www.plitvice-etnogarden.com\/hr\/wp-json\/wp\/v2\/comments?post=3219"}],"version-history":[{"count":4,"href":"https:\/\/www.plitvice-etnogarden.com\/hr\/wp-json\/wp\/v2\/pages\/3219\/revisions"}],"predecessor-version":[{"id":5022,"href":"https:\/\/www.plitvice-etnogarden.com\/hr\/wp-json\/wp\/v2\/pages\/3219\/revisions\/5022"}],"wp:attachment":[{"href":"https:\/\/www.plitvice-etnogarden.com\/hr\/wp-json\/wp\/v2\/media?parent=3219"}],"curies":[{"name":"wp","href":"https:\/\/api.w.org\/{rel}","templated":true}]}}